{"id":2,"date":"2021-03-16T11:02:14","date_gmt":"2021-03-16T10:02:14","guid":{"rendered":"http:\/\/adoptetapolitiquesanitaire.fr\/?page_id=2"},"modified":"2023-03-28T18:32:13","modified_gmt":"2023-03-28T16:32:13","slug":"page-d-exemple","status":"publish","type":"page","link":"https:\/\/adoptetapolitiquesanitaire.fr\/?page_id=2","title":{"rendered":"Curriculum Vitae"},"content":{"rendered":"\n<p>Qui suis je ? <\/p>\n\n\n\n<p>Un jeune homme de 47 ans, plein de vitalit\u00e9 et d&rsquo;envie de changement positif dans notre soci\u00e9t\u00e9, plein d&rsquo;espoir d&rsquo;un avenir radieux. <\/p>\n\n\n\n<p>Nous sortirons encore plus \u00e9veill\u00e9 et conscient de l&rsquo;importance de l&rsquo;humain dans notre Pays et dans notre soci\u00e9t\u00e9 demain. <\/p>\n\n\n\n<p>L&rsquo;humain n&rsquo;est pas un \u00ab\u00a0co\u00fbt\u00a0\u00bb en RH mais bien un atout indispensable au bon fonctionnement de nos institutions, de notre agriculture, de notre syst\u00e8me de sant\u00e9, d&rsquo;\u00e9ducation, de police, etc&#8230; <\/p>\n\n\n\n<p>L\u2019investissement dans l&rsquo;humain est indispensable et vertueux. En sens inverse, vouloir faire des \u00ab\u00a0\u00e9conomies de personnel\u00a0\u00bb nous a conduit en parti \u00e0 ce que nous vivons actuellement. <\/p>\n\n\n\n<p>\u00catre humain est une qualit\u00e9 n\u00e9cessaire, qui n\u00e9cessite de se cultiver, de vivre des confrontations, des \u00e9checs et des r\u00e9ussites, des pleurs et des rires, de la tristesse et de la col\u00e8re pour enfin pouvoir trouver l&rsquo;apaisement n\u00e9cessaire pour mieux vivre encore collectivement dans le respect et la confiance mutuelle. <\/p>\n\n\n\n<p>Ces quelques mots sont le r\u00e9sultat de mon v\u00e9cu&#8230;<\/p>\n\n\n\n<p>Mon CV r\u00e9sume ici en quelques mots des ann\u00e9es de vie magnifique, des rencontres de milliers de personnes encore plus intenses en ce moment, de soins aupr\u00e8s de plus de 15 000 patients dans des services d&rsquo;urgence, de l&rsquo;accompagnement dans la souffrance et dans la mort de centaines de famille, et bien sur des milliers d&rsquo;heures pass\u00e9es dans la joie avec mes amis, \u00e0 faire la f\u00eate et \u00e0 profiter de la Nature qui m&rsquo;est si ch\u00e8re et si ressour\u00e7ante ! <\/p>\n\n\n\n<p><strong>Dr Denis AGRET<\/strong><\/p>\n\n\n\n<p><strong>\u00ab\u00a0Seuls ceux qui sont assez fous pour penser qu\u2019ils peuvent changer le Monde y parviennent\u00a0\u00bb<br>Henri Dunant Prix Nobel de la paix 1901<\/strong><\/p>\n\n\n\n<p><strong>\u00ab\u00a0Ne laissez pas un monde fou vous dire que le succ\u00e8s est autre chose qu\u2019un moment pr\u00e9sent couronn\u00e9 de succ\u00e8s.\u00a0\u00bb<\/strong><\/p>\n\n\n\n<p><strong>Eckart Tolle, The power of NOW.<\/strong><\/p>\n\n\n\n<p><a href=\"http:\/\/www.yoga-medecine.fr\">www.yoga-medecine.fr<\/a><br><\/p>\n\n\n\n<p><strong>A propos du Dr Denis Agret<\/strong><\/p>\n\n\n\n<p>Le Dr Denis Agret est m\u00e9decin, praticien hospitalier, dipl\u00f4m\u00e9 en sant\u00e9 publique et en M\u00e9decine g\u00e9n\u00e9rale &amp; d\u2019urgence de la Facult\u00e9 de M\u00e9decine de Montpellier, th\u00e9s\u00e9 en 2006.\u00a0\u00a0Au cours de ses<br>17 ann\u00e9es d\u2019exercice, il a accompagn\u00e9 plus de 15 000 patients en service d\u2019urgence. <\/p>\n\n\n\n<p>Le Dr Denis Agret a fait son internat de sant\u00e9 publique \u00e0 Paris de 2001 \u00e0 2003, puis il a fait m\u00e9decine g\u00e9n\u00e9rale et m\u00e9decine d\u2019urgence \u00e0 Perpignan de 2003 \u00e0 2006. <\/p>\n\n\n\n<p>Ensuite, il a exerc\u00e9 comme urgentiste temps plein \u00e0 Al\u00e8s et Aubenas de 2006 \u00e0 2008. <\/p>\n\n\n\n<p>Au m\u00eame moment, il a travaill\u00e9 au sein du d\u00e9partement d\u2019information m\u00e9dicale (DIM) au CHU \u00e0 N\u00eemes et au Centre d\u2019Investigation Clinique (CIC) \u00e0 Montpellier. <\/p>\n\n\n\n<p>De 2008 \u00e0 2018, il a exerc\u00e9 en tant qu\u2019urgentiste \u00e0 Gap, dans les Hautes-Alpes, et m\u00e9decin DIM. <\/p>\n\n\n\n<p>De 2018 \u00e0 2021, au c\u0153ur de la crise COVID \u00e0 la Fondation Partage &amp; Vie g\u00e9rant plus de 100 \u00e9tablissements : h\u00f4pital court s\u00e9jour, centres de r\u00e9\u00e9ducation, EPHAD et centres m\u00e9dicosociaux, le Dr Agret occupait la fonction de Directeur M\u00e9dical, m\u00e9decin DIM et fut tr\u00e8s rapidement sollicit\u00e9 en supervision d\u2019appui de terrain dans les EHPAD. <\/p>\n\n\n\n<p>En 2020, il a obtenu le dipl\u00f4me de praticien en yogath\u00e9rapie ainsi que le dipl\u00f4me universitaire de m\u00e9ditation en sant\u00e9 de la facult\u00e9 de m\u00e9decine de Montpellier. Ces comp\u00e9tences ont \u00e9t\u00e9 pl\u00e9biscit\u00e9 par la Fondation Partage &amp; Vie aupr\u00e8s des r\u00e9sidents et \u00e9galement des cadres dirigeants.<\/p>\n\n\n\n<p>Interview par Me Carlo Brusa, avocat au barreau de Paris et pr\u00e9sident de l\u2019association \u00ab R\u00e9action 19 \u00bb. J\u2019y pr\u00e9sente mon parcours professionnel et les raisons qui m\u2019ont amen\u00e9 \u00e0 prendre la parole publiquement. Vid\u00e9o d\u20191h40<\/p>\n\n\n\n<figure class=\"wp-block-embed is-type-wp-embed is-provider-reaction-19 wp-block-embed-reaction-19\"><div class=\"wp-block-embed__wrapper\">\n<blockquote class=\"wp-embedded-content\" data-secret=\"tmiNHYIJdn\"><a href=\"https:\/\/reaction19.fr\/reaction19-webtv\/tete-a-tete-brusa\/090323-tete-a-tete-dr-agret-carlo-brusa-reaction19-fr\/\">090323 &#8211; T\u00eate \u00e0 T\u00eate, Dr Agret, Carlo Brusa \u2013 Reaction19.fr<\/a><\/blockquote><iframe class=\"wp-embedded-content\" sandbox=\"allow-scripts\" security=\"restricted\" style=\"position: absolute; clip: rect(1px, 1px, 1px, 1px);\" title=\"\u00ab\u00a0090323 &#8211; T\u00eate \u00e0 T\u00eate, Dr Agret, Carlo Brusa \u2013 Reaction19.fr\u00a0\u00bb &#8212; Reaction19\" src=\"https:\/\/reaction19.fr\/reaction19-webtv\/tete-a-tete-brusa\/090323-tete-a-tete-dr-agret-carlo-brusa-reaction19-fr\/embed\/#?secret=QkFOdLMhM5#?secret=tmiNHYIJdn\" data-secret=\"tmiNHYIJdn\" width=\"525\" height=\"296\" frameborder=\"0\" marginwidth=\"0\" marginheight=\"0\" scrolling=\"no\"><\/iframe>\n<\/div><\/figure>\n\n\n\n<p><\/p>\n\n\n\n<p><\/p>\n\n\n<p><img decoding=\"async\" loading=\"lazy\" width=\"473\" height=\"701\" class=\"wp-image-128\" src=\"http:\/\/adoptetapolitiquesanitaire.fr\/wp-content\/uploads\/2021\/04\/word-image.png\" srcset=\"https:\/\/adoptetapolitiquesanitaire.fr\/wp-content\/uploads\/2021\/04\/word-image.png 473w, https:\/\/adoptetapolitiquesanitaire.fr\/wp-content\/uploads\/2021\/04\/word-image-202x300.png 202w\" sizes=\"(max-width: 473px) 100vw, 473px\" \/>&nbsp;<\/p>\n<p><strong><em>Dr. Denis AGRET<\/em><\/strong><\/p>\n<p><em>N\u00e9 \u00e0 Montpellier 1975<\/em><\/p>\n<h1><strong>Docteur en m\u00e9decine (mai 2006)<\/strong><\/h1>\n<p>Septembre 2018 &#8211; M\u00e9decin DIM National Fondation Partage et Vie<\/p>\n<p>en charge de 4 \u00e9tablissement sanitaires MCO, SSR, HAD, en d\u00e9tachement de PH<\/p>\n<p>Avril 2020 Remplacement COVID M\u00e9decin urgentiste CH Ajaccio<\/p>\n<p>Septembre 2008 \u2013 2018 Praticien Hospitalier temps plein sp\u00e9cialit\u00e9 sant\u00e9 publique<\/p>\n<p>DIM CH Gap, Sisteron, Embrun<\/p>\n<p>Urgences SMUR C15 CH Gap, SSR Sisteron<\/p>\n<p>Centre Hospitalier Intercommunal des Alpes du Sud<\/p>\n<p>2 mois int\u00e9rim 2015 2016 urgences SMUR Pointe \u00e0 Pitre<\/p>\n<p>Juin 2006 \u2013 Avril 2008 M\u00e9decin urgentiste temps plein Urgences SMUR<\/p>\n<p>CH Al\u00e8s (6 mois)<\/p>\n<p>Aubenas (1 an et demi)<\/p>\n<p>Gap (2 mois)<\/p>\n<p>Bagnols-sur-C\u00e8ze, Orange, S\u00e8te (int\u00e9rim)<\/p>\n<p>Novembre 2007 &#8211; Avril 2008 Praticien attach\u00e9 DIM Service de Sant\u00e9 Publique<\/p>\n<p>Dr Boudemaghe Pr. Daur\u00e8s CHU N\u00eemes<\/p>\n<p>Mai &#8211; Octobre 2007 Praticien attach\u00e9 recherche clinique<\/p>\n<p>Centre d\u2019Investigation Clinique (CIC) Pr. Petit St Eloi CHU Montpellier<\/p>\n<p>Septembre &#8211; Octobre 2007 M\u00e9decin Sapeur Pompier Volontaire Montpellier<\/p>\n<h1><strong>Internat de Sant\u00e9 Publique et de M\u00e9decine g\u00e9n\u00e9rale<\/strong><\/h1>\n<p>2003-2006 Internat de M\u00e9decine g\u00e9n\u00e9rale Facult\u00e9 de M\u00e9decine Montpellier I<\/p>\n<p>M\u00e9decine Interne, Urgences SMUR Perpignan, Narbonne, Urgences p\u00e9diatriques, Cardiologie, R\u00e9animation chirurgicale, M\u00e9decine g\u00e9n\u00e9rale<\/p>\n<p>2001-2003 Internat de Sant\u00e9 Publique Facult\u00e9 de M\u00e9decine Paris XI<\/p>\n<ul>\n<li>\n<ol>\n<li>Groupe de recherche de l\u2019Ecole Nationale de Sant\u00e9 Publique (ENSP),<\/li>\n<\/ol>\n<\/li>\n<\/ul>\n<p>Dr Br\u00e9mond, Dr Bourgueil, Dr Develay (Management des services)<\/p>\n<ul>\n<li>\n<ol>\n<li>Service de sant\u00e9 publique Pr. Spira, unit\u00e9 Inserm U 292 Pr. L\u00e9ridon<\/li>\n<\/ol>\n<\/li>\n<\/ul>\n<p>Le Kremlin Bic\u00eatre (PMSI et recherche \u00e9pid\u00e9miologique MST-VIH)<\/p>\n<p>Re\u00e7u internat Nord 1196<sup>\u00e8me<\/sup> Note 705\/1000<\/p>\n<p>Secr\u00e9taire du CLISP Coll\u00e8ge de Liaison des Internes et anciens internes de Sant\u00e9 Publique<\/p>\n<p>Organisation du 1er s\u00e9minaire national des Internes de Sant\u00e9 Publique (12\/2002)<\/p>\n<h1><strong>Dipl\u00f4mes Universitaires<\/strong><\/h1>\n<p>2019 \u2013 2020 DU m\u00e9ditation et sant\u00e9 Facult\u00e9 de M\u00e9decine de Montpellier<\/p>\n<p>2017 \u2013 2019 Formation yogath\u00e9rapie Dr Lionel Coudron<\/p>\n<p>IDYT Institut de Yogath\u00e9rapie Paris<\/p>\n<p>2015 Directeur de th\u00e8se Facult\u00e9 de M\u00e9decine de Marseille Timone EPP sur la prise en charge des traumatismes cr\u00e2niens l\u00e9gers aux urgences, \u00e9tude multicentrique 5 centres<\/p>\n<p><\/p>\n<p>2012 DIU Approche des techniques de soin en r\u00e9animation et en soins intensifs Montpellier Pr Jaber<\/p>\n<p>2009 DU Informatique m\u00e9dicale Pr Fieschi Marseille Timone<\/p>\n<p>2007 2008 CAMU Capacit\u00e9 de M\u00e9decine d\u2019Urgence Montpellier Bobigny<\/p>\n<p>Octobre 2005 Th\u00e8se de Docteur en M\u00e9decine&nbsp;:<\/p>\n<p>D\u00e9lai d\u2019attente de places en soins de suite et de r\u00e9adaptation de patients issus du court s\u00e9jour hospitalier&nbsp;; A propos d\u2019une enqu\u00eate prospective r\u00e9alis\u00e9e dans les services MCO du Centre Hospitalier de Perpignan entre octobre 2004 et mars 2005<\/p>\n<p>Mention tr\u00e8s honorable&nbsp;; Jury&nbsp;: Pr. Jeandel, Pr. Dujols, Pr. De Wazi\u00e8res, Dr Barbotte<\/p>\n<p>2005 DU de Traumatologie d\u2019Urgence Toulouse Pr. Virenque<\/p>\n<ol>\n<li>DIU de M\u00e9decine et d\u2019Urgence de Montagne Toulouse Grenoble Bobigny<\/li>\n<\/ol>\n<p>2004 DESS de Sant\u00e9 Publique, Pr. Brodin Paris VII<\/p>\n<p>Management des services et action en Sant\u00e9 Publique<\/p>\n<p>M\u00e9moire de DESS&nbsp;: Coordinateur de r\u00e9seau de sant\u00e9&nbsp;: un nouveau \u00ab&nbsp;m\u00e9tier&nbsp;\u00bb? A partir de l\u2019\u00e9tude de la coordination dans le domaine des soins palliatifs<\/p>\n<p>2003 Ma\u00eetrise de Sciences Sanitaires et Sociales, Sant\u00e9 Publique Pr. Spira Paris XI<\/p>\n<p>2002 Ecole d\u2019Et\u00e9 de Sant\u00e9 Publique Le Kremlin Bic\u00eatre (juillet)<\/p>\n<ol>\n<li>Concours de l\u2019internat&nbsp;: 1196<sup>\u00e8me<\/sup> zone Nord, 1400<sup>\u00e8me<\/sup> zone Sud<\/li>\n<li>Ma\u00eetrise de Sciences Biologiques et M\u00e9dicales Physiopathologie des Maladies transmissibles,<\/li>\n<\/ol>\n<p>stage \u00e0 l\u2019I.R.D. Montpellier, unit\u00e9 SIDA, Pr. E. Delaporte<\/p>\n<p><\/p>\n<p>1996 Ma\u00eetrise de Sciences Biologiques et M\u00e9dicales de Biophysique g\u00e9n\u00e9rale<\/p>\n<h1><strong>Externat Facult\u00e9 de M\u00e9decine Montpellier I (2001-1993)<\/strong><\/h1>\n<p>1998 Stage d\u2019\u00e9t\u00e9 en pneumologie \u00e0 l\u2019H\u00f4tel Dieu de Montr\u00e9al, Canada<\/p>\n<p>1996-1997 3\u00e8me ann\u00e9e Facult\u00e9 de m\u00e9decine d\u2019Heidelberg Allemagne (Erasmus)<\/p>\n<p>Dipl\u00f4m\u00e9 Erste Staatsexam<\/p>\n<p>1994 -1995 1\u00e8re ann\u00e9e de M\u00e9decine re\u00e7u&nbsp; en M\u00e9decine: 3<sup>\u00e8me<\/sup> \/ 1200<\/p>\n<h1><strong>Baccalaur\u00e9at C <\/strong><\/h1>\n<p>1993-1992 Mention AB Montpellier Lyc\u00e9e La Merci<\/p>\n<h1><strong>Langues<\/strong><\/h1>\n<p>Anglais&nbsp; : Lu, \u00e9crit, parl\u00e9&nbsp;<\/p>\n<p>Allemand&nbsp;: Lu, \u00e9crit, parl\u00e9&nbsp;<\/p>","protected":false},"excerpt":{"rendered":"<p>Qui suis je ? Un jeune homme de 47 ans, plein de vitalit\u00e9 et d&rsquo;envie de changement positif dans notre soci\u00e9t\u00e9, plein d&rsquo;espoir d&rsquo;un avenir radieux. Nous sortirons encore plus \u00e9veill\u00e9 et conscient de l&rsquo;importance de l&rsquo;humain dans notre Pays et dans notre soci\u00e9t\u00e9 demain. L&rsquo;humain n&rsquo;est pas un \u00ab\u00a0co\u00fbt\u00a0\u00bb en RH mais bien un &hellip; <\/p>\n<p class=\"link-more\"><a href=\"https:\/\/adoptetapolitiquesanitaire.fr\/?page_id=2\" class=\"more-link\">Continuer la lecture<span class=\"screen-reader-text\"> de &laquo;&nbsp;Curriculum Vitae&nbsp;&raquo;<\/span><\/a><\/p>\n","protected":false},"author":1,"featured_media":0,"parent":0,"menu_order":0,"comment_status":"closed","ping_status":"open","template":"","meta":[],"_links":{"self":[{"href":"https:\/\/adoptetapolitiquesanitaire.fr\/index.php?rest_route=\/wp\/v2\/pages\/2"}],"collection":[{"href":"https:\/\/adoptetapolitiquesanitaire.fr\/index.php?rest_route=\/wp\/v2\/pages"}],"about":[{"href":"https:\/\/adoptetapolitiquesanitaire.fr\/index.php?rest_route=\/wp\/v2\/types\/page"}],"author":[{"embeddable":true,"href":"https:\/\/adoptetapolitiquesanitaire.fr\/index.php?rest_route=\/wp\/v2\/users\/1"}],"replies":[{"embeddable":true,"href":"https:\/\/adoptetapolitiquesanitaire.fr\/index.php?rest_route=%2Fwp%2Fv2%2Fcomments&post=2"}],"version-history":[{"count":5,"href":"https:\/\/adoptetapolitiquesanitaire.fr\/index.php?rest_route=\/wp\/v2\/pages\/2\/revisions"}],"predecessor-version":[{"id":482,"href":"https:\/\/adoptetapolitiquesanitaire.fr\/index.php?rest_route=\/wp\/v2\/pages\/2\/revisions\/482"}],"wp:attachment":[{"href":"https:\/\/adoptetapolitiquesanitaire.fr\/index.php?rest_route=%2Fwp%2Fv2%2Fmedia&parent=2"}],"curies":[{"name":"wp","href":"https:\/\/api.w.org\/{rel}","templated":true}]}}