{"id":20,"date":"2021-04-14T15:52:53","date_gmt":"2021-04-14T13:52:53","guid":{"rendered":"http:\/\/adoptetapolitiquesanitaire.fr\/?page_id=20"},"modified":"2021-04-14T16:04:58","modified_gmt":"2021-04-14T14:04:58","slug":"contact","status":"publish","type":"page","link":"https:\/\/adoptetapolitiquesanitaire.fr\/?page_id=20","title":{"rendered":"Contact"},"content":{"rendered":"\n<p>Dr Denis AGRET<br>th\u00e8se 2006 Facult\u00e9 de M\u00e9decine Montpellier<br>Dipl\u00f4m\u00e9 en M\u00e9decine g\u00e9n\u00e9rale et d\u2019urgence de la Facult\u00e9 de M\u00e9decine de Montpellier<br>Dipl\u00f4m\u00e9 en Sant\u00e9 publique<\/p>\n\n\n\n<p>dr.agret.denis@hotmail.com<\/p>\n","protected":false},"excerpt":{"rendered":"<p>Dr Denis AGRETth\u00e8se 2006 Facult\u00e9 de M\u00e9decine MontpellierDipl\u00f4m\u00e9 en M\u00e9decine g\u00e9n\u00e9rale et d\u2019urgence de la Facult\u00e9 de M\u00e9decine de MontpellierDipl\u00f4m\u00e9 en Sant\u00e9 publique dr.agret.denis@hotmail.com<\/p>\n","protected":false},"author":1,"featured_media":55,"parent":0,"menu_order":0,"comment_status":"closed","ping_status":"closed","template":"","meta":[],"_links":{"self":[{"href":"https:\/\/adoptetapolitiquesanitaire.fr\/index.php?rest_route=\/wp\/v2\/pages\/20"}],"collection":[{"href":"https:\/\/adoptetapolitiquesanitaire.fr\/index.php?rest_route=\/wp\/v2\/pages"}],"about":[{"href":"https:\/\/adoptetapolitiquesanitaire.fr\/index.php?rest_route=\/wp\/v2\/types\/page"}],"author":[{"embeddable":true,"href":"https:\/\/adoptetapolitiquesanitaire.fr\/index.php?rest_route=\/wp\/v2\/users\/1"}],"replies":[{"embeddable":true,"href":"https:\/\/adoptetapolitiquesanitaire.fr\/index.php?rest_route=%2Fwp%2Fv2%2Fcomments&post=20"}],"version-history":[{"count":3,"href":"https:\/\/adoptetapolitiquesanitaire.fr\/index.php?rest_route=\/wp\/v2\/pages\/20\/revisions"}],"predecessor-version":[{"id":56,"href":"https:\/\/adoptetapolitiquesanitaire.fr\/index.php?rest_route=\/wp\/v2\/pages\/20\/revisions\/56"}],"wp:featuredmedia":[{"embeddable":true,"href":"https:\/\/adoptetapolitiquesanitaire.fr\/index.php?rest_route=\/wp\/v2\/media\/55"}],"wp:attachment":[{"href":"https:\/\/adoptetapolitiquesanitaire.fr\/index.php?rest_route=%2Fwp%2Fv2%2Fmedia&parent=20"}],"curies":[{"name":"wp","href":"https:\/\/api.w.org\/{rel}","templated":true}]}}