{"id":26,"date":"2021-04-14T15:52:53","date_gmt":"2021-04-14T13:52:53","guid":{"rendered":"http:\/\/adoptetapolitiquesanitaire.fr\/?page_id=26"},"modified":"2023-05-11T15:35:57","modified_gmt":"2023-05-11T13:35:57","slug":"accueil","status":"publish","type":"page","link":"https:\/\/adoptetapolitiquesanitaire.fr\/","title":{"rendered":"Accueil"},"content":{"rendered":"\n<p>Une nouvelle politique sanitaire au service des humains !<\/p>\n\n\n\n<p>La politique \u00ab\u00a0sanitaire\u00a0\u00bb propos\u00e9e depuis le 16 mars 2020 pour lutter contre un virus \u00ab\u00a0corona\u00a0\u00bb ou \u00ab\u00a0covid\u00a0\u00bb par le gouvernement d&rsquo;Emmanuel Macron et ses ministres de la \u00ab\u00a0sant\u00e9 m&rsquo;a plus que questionn\u00e9.<\/p>\n\n\n\n<p>https:\/\/www.elysee.fr\/emmanuel-macron\/2020\/03\/16\/adresse-aux-francais-covid19<\/p>\n\n\n\n<p>J&rsquo;ai cherch\u00e9 \u00e0 comprendre, j&rsquo;ai donner mon point de vue de m\u00e9decin \u00e0 partir de mon exp\u00e9rience clinique et de sant\u00e9 publique, j&rsquo;ai simplement partag\u00e9 avec vous ma compr\u00e9hension, mon diagnostic de la situation. <\/p>\n\n\n\n<p>Pourquoi ? <\/p>\n\n\n\n<p>Pour guider les hommes et les femmes de mon Pays et aussi du Monde entier qui m&rsquo;ont lu, \u00e9cout\u00e9 sur les r\u00e9seaux sociaux, pour qu&rsquo;ils puissent recevoir les soins ad\u00e9quats et qu&rsquo;ils ne s&rsquo;aggravent pas \u00e0 cause d&rsquo;une mauvaise politique sanitaire. <\/p>\n\n\n\n<p>Parce que vous avez \u00e9t\u00e9 si nombreux \u00e0 m&rsquo;encourager car mes propos vous rassuraient, vous l\u00e9gitimaient, vous ont permis de vous positionner en votre \u00e2me et conscience. <\/p>\n\n\n\n<p>La m\u00e9decin est un art et une science. La science, les connaissances \u00e9voluent perp\u00e9tuellement. Les erreurs, les controverses nous permettent d&rsquo;avancer.<\/p>\n\n\n\n<p>L&rsquo;art a trait \u00e0 la subtilit\u00e9 du traitement individuel et de la difficult\u00e9 \u00e0 ne jamais se tromper. <\/p>\n\n\n\n<p>La critique est facile, l&rsquo;art est difficile.  <a href=\"https:\/\/fr.wiktionary.org\/wiki\/la_critique_est_ais%C3%A9e_mais_l%E2%80%99art_est_difficile \">https:\/\/fr.wiktionary.org\/wiki\/la_critique_est_ais%C3%A9e_mais_l%E2%80%99art_est_difficile <\/a><\/p>\n\n\n\n<p>Nous sommes libres et je suis libre dans mon exercice. <\/p>\n\n\n\n<p>L&rsquo;ing\u00e9rence de la politique politicienne dans l&rsquo;exercice de mon m\u00e9tier de m\u00e9decin m&rsquo;a \u00e9norm\u00e9ment \u00ab\u00a0d\u00e9rang\u00e9\u00a0\u00bb, choqu\u00e9. <\/p>\n\n\n\n<p>J&rsquo;ai cr\u00e9\u00e9 ce site \u00ab\u00a0<a href=\"https:\/\/adoptetapolitiquesanitaire.fr\/\">adoptetapolitiquesanitaire.fr<\/a> ou<a href=\"https:\/\/adoptetapolitiquesanitaire.fr\/\"> adoptetapolitiquesanitaire.com<\/a>\u00a0\u00bb (nom un poil ironique, dans la d\u00e9rision) pour vous donner les informations les plus pertinentes afin que vous puissiez avoir un choix libre et \u00e9clair\u00e9 et afin de passer outre la censure plus que r\u00e9elle sur les r\u00e9seaux sociaux depuis 2020.<\/p>\n","protected":false},"excerpt":{"rendered":"<p>Une nouvelle politique sanitaire au service des humains ! La politique \u00ab\u00a0sanitaire\u00a0\u00bb propos\u00e9e depuis le 16 mars 2020 pour lutter contre un virus \u00ab\u00a0corona\u00a0\u00bb ou \u00ab\u00a0covid\u00a0\u00bb par le gouvernement d&rsquo;Emmanuel Macron et ses ministres de la \u00ab\u00a0sant\u00e9 m&rsquo;a plus que questionn\u00e9. https:\/\/www.elysee.fr\/emmanuel-macron\/2020\/03\/16\/adresse-aux-francais-covid19 J&rsquo;ai cherch\u00e9 \u00e0 comprendre, j&rsquo;ai donner mon point de vue de m\u00e9decin \u00e0 &hellip; <\/p>\n<p class=\"link-more\"><a href=\"https:\/\/adoptetapolitiquesanitaire.fr\/\" class=\"more-link\">Continuer la lecture<span class=\"screen-reader-text\"> de &laquo;&nbsp;Accueil&nbsp;&raquo;<\/span><\/a><\/p>\n","protected":false},"author":1,"featured_media":508,"parent":0,"menu_order":0,"comment_status":"closed","ping_status":"closed","template":"","meta":[],"_links":{"self":[{"href":"https:\/\/adoptetapolitiquesanitaire.fr\/index.php?rest_route=\/wp\/v2\/pages\/26"}],"collection":[{"href":"https:\/\/adoptetapolitiquesanitaire.fr\/index.php?rest_route=\/wp\/v2\/pages"}],"about":[{"href":"https:\/\/adoptetapolitiquesanitaire.fr\/index.php?rest_route=\/wp\/v2\/types\/page"}],"author":[{"embeddable":true,"href":"https:\/\/adoptetapolitiquesanitaire.fr\/index.php?rest_route=\/wp\/v2\/users\/1"}],"replies":[{"embeddable":true,"href":"https:\/\/adoptetapolitiquesanitaire.fr\/index.php?rest_route=%2Fwp%2Fv2%2Fcomments&post=26"}],"version-history":[{"count":5,"href":"https:\/\/adoptetapolitiquesanitaire.fr\/index.php?rest_route=\/wp\/v2\/pages\/26\/revisions"}],"predecessor-version":[{"id":516,"href":"https:\/\/adoptetapolitiquesanitaire.fr\/index.php?rest_route=\/wp\/v2\/pages\/26\/revisions\/516"}],"wp:featuredmedia":[{"embeddable":true,"href":"https:\/\/adoptetapolitiquesanitaire.fr\/index.php?rest_route=\/wp\/v2\/media\/508"}],"wp:attachment":[{"href":"https:\/\/adoptetapolitiquesanitaire.fr\/index.php?rest_route=%2Fwp%2Fv2%2Fmedia&parent=26"}],"curies":[{"name":"wp","href":"https:\/\/api.w.org\/{rel}","templated":true}]}}