{"id":461,"date":"2023-03-21T14:23:38","date_gmt":"2023-03-21T13:23:38","guid":{"rendered":"https:\/\/adoptetapolitiquesanitaire.fr\/?page_id=461"},"modified":"2024-10-01T11:02:45","modified_gmt":"2024-10-01T09:02:45","slug":"livre-une-vraie-maladie","status":"publish","type":"page","link":"https:\/\/adoptetapolitiquesanitaire.fr\/?page_id=461","title":{"rendered":"Livre Une Vraie Maladie"},"content":{"rendered":"\n<p>Dipl\u00f4m\u00e9 en m\u00e9decine G\u00e9n\u00e9rale et Sant\u00e9 Publique, l\u2019auteur a exerc\u00e9 en tant qu\u2019urgentiste et m\u00e9decin DIM pendant 10 ans (2008 &#8211; 2018). Il pousse aujourd\u2019hui ce cri d\u2019alerte pour la pr\u00e9servation de notre syst\u00e8me de sant\u00e9 invitant chacun \u00e0 d\u00e9couvrir son exp\u00e9rience de praticien hospitalier.<\/p>\n\n\n\n<p>Dans ce livre, je ne m\u00e2che pas mes mots.<\/p>\n\n\n\n<p>Pour la presse souhaitant recevoir un exemplaire gratuit, vous avez la possibilit\u00e9 d&rsquo;en faire la demande par mail \u00e0  <a href=\"mailto:presse@bod.fr\">presse@bod.fr<\/a>    .<\/p>\n\n\n\n<p>Commandes individuelle ou group\u00e9e  au prix unitaire de 25\u20ac frais d&rsquo;envoi inclus ou 20\u20ac sur les meetings ou \u00e0 Montpellier.<\/p>\n\n\n\n<p>Pour envoi merci d&rsquo;adresser par courrier \u00e0 <\/p>\n\n\n\n<p>Dr Denis AGRET <\/p>\n\n\n\n<p>36 rue du Pinas<\/p>\n\n\n\n<p>34980 ST Cl\u00e9ment la Rivi\u00e8re<\/p>\n\n\n\n<p>un ch\u00e8que de 25\u20ac avec vos noms, pr\u00e9noms, adresse d&rsquo;envoi et si possible tel, mail. <\/p>\n\n\n\n<p><\/p>\n\n\n\n<p>Un extrait :<\/p>\n\n\n\n<p>\u00ab L\u2019homme ne comprend qu\u2019apr\u00e8s coup\u2026 \u00bb<br>Int\u00e9rieur de Maurice Maeterlinck.<\/p>\n\n\n\n<p><br>On ne sait pas\u2026<br>Et qu\u2019est-ce que l\u2019on sait\u2026<br>Elle \u00e9tait peut-\u00eatre de celles qui ne veulent rien dire, et<br>chacun porte en soi plus d\u2019une raison de ne plus vivre.<br>On ne voit pas dans l\u2019\u00e2me comme on voit dans cette<br>chambre.<br>On vit pendant des mois \u00e0 c\u00f4t\u00e9 de quelqu\u2019un qui n\u2019est plus<br>de ce monde\u2026<br>On lui r\u00e9pond sans y songer ; et vous voyez ce qui<br>arrive\u2026<br>Un ange m\u00eame ne verrait pas ce qu\u2019il faut voir ;<br>et l\u2019homme ne comprend qu\u2019apr\u00e8s coup\u2026<\/p>\n\n\n\n<p>Prologue<\/p>\n\n\n\n<p>[&#8230;] le livre qui suit, a toujours son propos en<br>janvier 2022. Sans doute encore plus que jamais. L\u2019h\u00f4pital<br>public a \u00e9t\u00e9 sap\u00e9, encore pendant le Covid : fermeture de<br>milliers de lits, licenciement gratuit, suspension de<br>soignants. Ceux qui sont encore en poste sont d\u00e9bord\u00e9s,<br>\u00e9puis\u00e9s. Je pense que les Ressources Humaines n\u2019ont<br>jamais \u00e9t\u00e9 aussi maltraitantes avec les salari\u00e9s qui sont<br>rest\u00e9s en poste avec pour certains des faux pass (sans<br>jugement aucun, en fait ce sont des faux papiers comme<br>pendant une guerre) et la boule au ventre d\u2019avoir enfreint<br>une loi pour la premi\u00e8re fois de leur vie ! Alors voil\u00e0, je<br>vous laisse d\u00e9couvrir \u00ab Une vraie Maladie \u00bb,<br>probablement la maladie du si\u00e8cle.<br>On finira par la gu\u00e9rir en en prenant conscience !<\/p>\n\n\n\n<figure class=\"wp-block-image size-full\"><img decoding=\"async\" loading=\"lazy\" width=\"972\" height=\"667\" src=\"https:\/\/adoptetapolitiquesanitaire.fr\/wp-content\/uploads\/2023\/03\/Une-vraie-maladie.png\" alt=\"\" class=\"wp-image-462\" srcset=\"https:\/\/adoptetapolitiquesanitaire.fr\/wp-content\/uploads\/2023\/03\/Une-vraie-maladie.png 972w, https:\/\/adoptetapolitiquesanitaire.fr\/wp-content\/uploads\/2023\/03\/Une-vraie-maladie-300x206.png 300w, https:\/\/adoptetapolitiquesanitaire.fr\/wp-content\/uploads\/2023\/03\/Une-vraie-maladie-768x527.png 768w\" sizes=\"(max-width: 767px) 89vw, (max-width: 1000px) 54vw, (max-width: 1071px) 543px, 580px\" \/><\/figure>\n\n\n\n<p><\/p>\n\n\n\n<p><\/p>\n\n\n\n<p><strong>Merci pour vos t\u00e9moignages, votre confiance.<\/strong><\/p>\n\n\n\n<p><strong>Ce livre vous \u00e9tonnera, vous permettra de mieux comprendre qui je suis, mon parcours de vie de m\u00e9decin hospitalier. <\/strong><strong><\/strong><\/p>\n\n\n\n<p><strong>BON DE COMMANDE<\/strong><\/p>\n\n\n\n<p><strong>Livre&nbsp;: Une Vraie Maladie<\/strong><\/p>\n\n\n\n<p><strong>Par le Dr Denis Agret<\/strong><\/p>\n\n\n\n<p>Prix unitaire&nbsp;: 25.00\u20ac &#8211; frais d\u2019envoi inclus<\/p>\n\n\n\n<p>Nombre d\u2019exemplaires souhait\u00e9s&nbsp;: \u2026\u2026\u2026\u2026\u2026\u2026\u2026\u2026\u2026\u2026\u2026\u2026\u2026\u2026..<\/p>\n\n\n\n<p>Renvoyez ce coupon avec un ch\u00e8que&nbsp;\u00e0 :<\/p>\n\n\n\n<p>Denis Agret, 103 impasse Caravelle<\/p>\n\n\n\n<p>Imm St Blaise Bat B5 Appt 107 \u2013 34000 Montpellier<\/p>\n\n\n\n<p>Votre nom&nbsp;: \u2026\u2026\u2026\u2026\u2026\u2026\u2026\u2026\u2026\u2026\u2026\u2026\u2026\u2026\u2026\u2026\u2026\u2026\u2026\u2026\u2026\u2026\u2026\u2026..<\/p>\n\n\n\n<p>Votre pr\u00e9nom&nbsp;: \u2026\u2026\u2026\u2026\u2026\u2026\u2026\u2026\u2026\u2026\u2026\u2026\u2026\u2026\u2026\u2026\u2026\u2026\u2026\u2026\u2026\u2026\u2026.<\/p>\n\n\n\n<p>Votre adresse&nbsp;: \u2026\u2026\u2026\u2026\u2026\u2026\u2026\u2026\u2026\u2026\u2026\u2026\u2026\u2026\u2026\u2026\u2026\u2026\u2026\u2026\u2026\u2026\u2026<\/p>\n\n\n\n<p>\u2026\u2026\u2026\u2026\u2026\u2026\u2026\u2026\u2026\u2026\u2026\u2026\u2026\u2026\u2026\u2026\u2026\u2026\u2026\u2026\u2026\u2026\u2026\u2026\u2026\u2026\u2026\u2026\u2026\u2026<\/p>\n\n\n\n<p>Votre n\u00b0 t\u00e9l.&nbsp;: \u2026\u2026\u2026\u2026\u2026\u2026\u2026\u2026\u2026\u2026\u2026\u2026\u2026\u2026\u2026\u2026\u2026\u2026\u2026\u2026\u2026\u2026\u2026\u2026&nbsp;<\/p>\n","protected":false},"excerpt":{"rendered":"<p>Dipl\u00f4m\u00e9 en m\u00e9decine G\u00e9n\u00e9rale et Sant\u00e9 Publique, l\u2019auteur a exerc\u00e9 en tant qu\u2019urgentiste et m\u00e9decin DIM pendant 10 ans (2008 &#8211; 2018). Il pousse aujourd\u2019hui ce cri d\u2019alerte pour la pr\u00e9servation de notre syst\u00e8me de sant\u00e9 invitant chacun \u00e0 d\u00e9couvrir son exp\u00e9rience de praticien hospitalier. Dans ce livre, je ne m\u00e2che pas mes mots. Pour &hellip; <\/p>\n<p class=\"link-more\"><a href=\"https:\/\/adoptetapolitiquesanitaire.fr\/?page_id=461\" class=\"more-link\">Continuer la lecture<span class=\"screen-reader-text\"> de &laquo;&nbsp;Livre Une Vraie Maladie&nbsp;&raquo;<\/span><\/a><\/p>\n","protected":false},"author":1,"featured_media":0,"parent":0,"menu_order":0,"comment_status":"closed","ping_status":"closed","template":"","meta":[],"_links":{"self":[{"href":"https:\/\/adoptetapolitiquesanitaire.fr\/index.php?rest_route=\/wp\/v2\/pages\/461"}],"collection":[{"href":"https:\/\/adoptetapolitiquesanitaire.fr\/index.php?rest_route=\/wp\/v2\/pages"}],"about":[{"href":"https:\/\/adoptetapolitiquesanitaire.fr\/index.php?rest_route=\/wp\/v2\/types\/page"}],"author":[{"embeddable":true,"href":"https:\/\/adoptetapolitiquesanitaire.fr\/index.php?rest_route=\/wp\/v2\/users\/1"}],"replies":[{"embeddable":true,"href":"https:\/\/adoptetapolitiquesanitaire.fr\/index.php?rest_route=%2Fwp%2Fv2%2Fcomments&post=461"}],"version-history":[{"count":13,"href":"https:\/\/adoptetapolitiquesanitaire.fr\/index.php?rest_route=\/wp\/v2\/pages\/461\/revisions"}],"predecessor-version":[{"id":676,"href":"https:\/\/adoptetapolitiquesanitaire.fr\/index.php?rest_route=\/wp\/v2\/pages\/461\/revisions\/676"}],"wp:attachment":[{"href":"https:\/\/adoptetapolitiquesanitaire.fr\/index.php?rest_route=%2Fwp%2Fv2%2Fmedia&parent=461"}],"curies":[{"name":"wp","href":"https:\/\/api.w.org\/{rel}","templated":true}]}}